{"id":1284,"date":"2025-09-22T18:27:05","date_gmt":"2025-09-22T18:27:05","guid":{"rendered":"https:\/\/selcable.se\/?page_id=1284"},"modified":"2025-09-23T12:08:40","modified_gmt":"2025-09-23T12:08:40","slug":"fokusomraden","status":"publish","type":"page","link":"https:\/\/selcable.se\/en\/fokusomraden\/","title":{"rendered":"Focus areas"},"content":{"rendered":"<section  class=\"tebab-block-hero alignfull\" style=\"--heading-color: #ffffff;\">\n\n    <img loading=\"lazy\" decoding=\"async\" width=\"1532\" height=\"1080\" src=\"https:\/\/selcable.se\/wp-content\/uploads\/2025\/09\/pexels-joshuaworoniecki-19841137-1532x1080.jpg\" class=\"attachment-landscape size-landscape\" alt=\"\" srcset=\"https:\/\/selcable.se\/wp-content\/uploads\/2025\/09\/pexels-joshuaworoniecki-19841137-1532x1080.jpg 1532w, https:\/\/selcable.se\/wp-content\/uploads\/2025\/09\/pexels-joshuaworoniecki-19841137-300x211.jpg 300w, https:\/\/selcable.se\/wp-content\/uploads\/2025\/09\/pexels-joshuaworoniecki-19841137-1024x722.jpg 1024w, https:\/\/selcable.se\/wp-content\/uploads\/2025\/09\/pexels-joshuaworoniecki-19841137-768x541.jpg 768w, https:\/\/selcable.se\/wp-content\/uploads\/2025\/09\/pexels-joshuaworoniecki-19841137-1536x1083.jpg 1536w, https:\/\/selcable.se\/wp-content\/uploads\/2025\/09\/pexels-joshuaworoniecki-19841137-2048x1444.jpg 2048w\" sizes=\"auto, (max-width: 1532px) 100vw, 1532px\" \/>\n    <div class=\"contained\">\n                <h1 class=\"tebab-block-hero__heading\">\n            Focus areas        <\/h1>\n\n            <\/div>\n<\/section>\n\n\n<h2 class=\"wp-block-heading\">We promote the common interests of the cable industry<\/h2>\n\n\n\n<p>Selcable is the trade association for Swedish manufacturers of cables and insulated wire. Our mission is to promote the common interests of the cable industry by presenting our collective view on standardization issues, referrals, government matters, etc. Selcable represents the Swedish manufacturers in the European organization Europacable.<\/p>\n\n\n<section  class=\"tebab-block-posts_carousel alignwide type-focus_area\">\n            <h2>Focus areas<\/h2>\n    \n    \n<\/section>","protected":false},"excerpt":{"rendered":"<p>Vi fr\u00e4mjar kabelbranschens gemensamma intressen Selcable \u00e4r branschorganisationen f\u00f6r svenska tillverkare av kablar och isolerad tr\u00e5d. V\u00e5rt uppdrag \u00e4r att fr\u00e4mja kabelbranschens gemensamma intressen genom att framf\u00f6ra v\u00e5r samlade syn i standardiseringsfr\u00e5gor, remisser, myndighets\u00e4renden etc. Selcable representerar de svenska tillverkarna i den europeiska organisationen Europacable.<\/p>","protected":false},"author":2,"featured_media":0,"parent":0,"menu_order":0,"comment_status":"closed","ping_status":"closed","template":"","meta":{"footnotes":""},"class_list":["post-1284","page","type-page","status-publish","hentry"],"acf":[],"_links":{"self":[{"href":"https:\/\/selcable.se\/en\/wp-json\/wp\/v2\/pages\/1284","targetHints":{"allow":["GET"]}}],"collection":[{"href":"https:\/\/selcable.se\/en\/wp-json\/wp\/v2\/pages"}],"about":[{"href":"https:\/\/selcable.se\/en\/wp-json\/wp\/v2\/types\/page"}],"author":[{"embeddable":true,"href":"https:\/\/selcable.se\/en\/wp-json\/wp\/v2\/users\/2"}],"replies":[{"embeddable":true,"href":"https:\/\/selcable.se\/en\/wp-json\/wp\/v2\/comments?post=1284"}],"version-history":[{"count":7,"href":"https:\/\/selcable.se\/en\/wp-json\/wp\/v2\/pages\/1284\/revisions"}],"predecessor-version":[{"id":1297,"href":"https:\/\/selcable.se\/en\/wp-json\/wp\/v2\/pages\/1284\/revisions\/1297"}],"wp:attachment":[{"href":"https:\/\/selcable.se\/en\/wp-json\/wp\/v2\/media?parent=1284"}],"curies":[{"name":"wp","href":"https:\/\/api.w.org\/{rel}","templated":true}]}}