{"id":323,"date":"2025-08-20T11:13:10","date_gmt":"2025-08-20T11:13:10","guid":{"rendered":"https:\/\/selcable.se\/?page_id=323"},"modified":"2025-11-10T12:31:31","modified_gmt":"2025-11-10T12:31:31","slug":"construction-product-regulation-cpr","status":"publish","type":"page","link":"https:\/\/selcable.se\/en\/construction-product-regulation-cpr\/","title":{"rendered":"Construction Product Regulation (CPR)"},"content":{"rendered":"<section  class=\"tebab-block-hero alignfull\" style=\"--heading-color: #ffffff;\">\n\n    <img loading=\"lazy\" decoding=\"async\" width=\"1620\" height=\"1080\" src=\"https:\/\/selcable.se\/wp-content\/uploads\/2025\/08\/AdobeStock_813778452_blu-1620x1080.jpg\" class=\"attachment-landscape size-landscape\" alt=\"Kablar som brinner\" srcset=\"https:\/\/selcable.se\/wp-content\/uploads\/2025\/08\/AdobeStock_813778452_blu-1620x1080.jpg 1620w, https:\/\/selcable.se\/wp-content\/uploads\/2025\/08\/AdobeStock_813778452_blu-300x200.jpg 300w, https:\/\/selcable.se\/wp-content\/uploads\/2025\/08\/AdobeStock_813778452_blu-1024x683.jpg 1024w, https:\/\/selcable.se\/wp-content\/uploads\/2025\/08\/AdobeStock_813778452_blu-768x512.jpg 768w, https:\/\/selcable.se\/wp-content\/uploads\/2025\/08\/AdobeStock_813778452_blu-1536x1024.jpg 1536w, https:\/\/selcable.se\/wp-content\/uploads\/2025\/08\/AdobeStock_813778452_blu-2048x1365.jpg 2048w\" sizes=\"auto, (max-width: 1620px) 100vw, 1620px\" \/>\n    <div class=\"contained\">\n                <h1 class=\"tebab-block-hero__heading\">\n            Fire requirements - Construction Product Regulation (CPR)        <\/h1>\n\n            <\/div>\n<\/section>\n\n\n<div style=\"height:50px\" aria-hidden=\"true\" class=\"wp-block-spacer\"><\/div>\n\n\n<section  class=\"tebab-block-split_screen alignfull image_alignment-left\">\n    <div class=\"contained\">\n        <div class=\"tebab-block-split_screen__image-wrapper\">\n            <img loading=\"lazy\" decoding=\"async\" width=\"1000\" height=\"1000\" src=\"https:\/\/selcable.se\/wp-content\/uploads\/2025\/08\/shutterstock_brandskydd_selcable_transp.png\" class=\"attachment-landscape size-landscape\" alt=\"\" srcset=\"https:\/\/selcable.se\/wp-content\/uploads\/2025\/08\/shutterstock_brandskydd_selcable_transp.png 1000w, https:\/\/selcable.se\/wp-content\/uploads\/2025\/08\/shutterstock_brandskydd_selcable_transp-300x300.png 300w, https:\/\/selcable.se\/wp-content\/uploads\/2025\/08\/shutterstock_brandskydd_selcable_transp-150x150.png 150w, https:\/\/selcable.se\/wp-content\/uploads\/2025\/08\/shutterstock_brandskydd_selcable_transp-768x768.png 768w\" sizes=\"auto, (max-width: 1000px) 100vw, 1000px\" \/>        <\/div>\n\n        <div class=\"tebab-block-split_screen__content-wrapper\">\n            <div class=\"wpb_column vc_column_container vc_col-sm-6\">\n<div class=\"vc_column-inner\">\n<div class=\"wpb_wrapper\">\n<div class=\"wpb_text_column wpb_content_element\">\n<div class=\"wpb_wrapper\">\n<h2>Construction Product Regulation (CPR)<\/h2>\n<p>Since 1 July 2017, the EU Construction Product Regulation (CPR) has been mandatory for cables in buildings on the European market. The law, which regulates the spread of fire, means that all flame-retardant electrical, signal and communication cables must be CE marked and tested in accordance with the new regulations. The aim of the system is to achieve safer buildings, common testing methods and a common standard across the EU.<\/p>\n<p>The law covers flame-retardant cables, not fire-resistant ones which are still tested and classified according to existing methods and standards, and requires third parties to test and approve the cables.<\/p>\n<\/div>\n<\/div>\n<\/div>\n<\/div>\n<\/div>\n<div class=\"wpb_column vc_column_container vc_col-sm-6\">\n<div class=\"vc_column-inner\">\n<div class=\"wpb_wrapper\"><\/div>\n<\/div>\n<\/div>\n\n            \n        <\/div>\n    <\/div>\n<\/section>\n\n\n<div style=\"height:50px\" aria-hidden=\"true\" class=\"wp-block-spacer\"><\/div>\n\n\n<section  class=\"tebab-block-split_screen alignfull image_alignment-right\">\n    <div class=\"contained\">\n        <div class=\"tebab-block-split_screen__image-wrapper\">\n            <img loading=\"lazy\" decoding=\"async\" width=\"1685\" height=\"1080\" src=\"https:\/\/selcable.se\/wp-content\/uploads\/2025\/08\/AdobeStock_161168962-1685x1080.jpeg\" class=\"attachment-landscape size-landscape\" alt=\"H\u00e4nder som h\u00e5ller i en l\u00e4splatta och pekar p\u00e5 ordet legislation\" srcset=\"https:\/\/selcable.se\/wp-content\/uploads\/2025\/08\/AdobeStock_161168962-1685x1080.jpeg 1685w, https:\/\/selcable.se\/wp-content\/uploads\/2025\/08\/AdobeStock_161168962-300x192.jpeg 300w, https:\/\/selcable.se\/wp-content\/uploads\/2025\/08\/AdobeStock_161168962-1024x656.jpeg 1024w, https:\/\/selcable.se\/wp-content\/uploads\/2025\/08\/AdobeStock_161168962-768x492.jpeg 768w, https:\/\/selcable.se\/wp-content\/uploads\/2025\/08\/AdobeStock_161168962-1536x984.jpeg 1536w, https:\/\/selcable.se\/wp-content\/uploads\/2025\/08\/AdobeStock_161168962-2048x1313.jpeg 2048w\" sizes=\"auto, (max-width: 1685px) 100vw, 1685px\" \/>        <\/div>\n\n        <div class=\"tebab-block-split_screen__content-wrapper\">\n            <h2 class=\"wp-block-heading\"><strong>What applies in Sweden<\/strong><\/h2>\n<p><!-- \/wp:heading --><!-- wp:paragraph -->The previous fire classes for cables \u2013 F1, F2, F4A, F4B and F4C \u2013 have been replaced by a classification system where the scale goes from A to F. To get an indication of the extent of the scale, an F-rated cable burns immediately while A means the best protection. E in the scale is similar to the previous Swedish minimum requirement F2.<\/p>\n<p><!-- \/wp:paragraph --><!-- wp:paragraph -->As a cable manufacturer, we are required to ensure that our cables are tested and classified according to the CPR regulations. When placing a product on the market, it is also a requirement to provide a Declaration of Performance (DoP) on the product, which forms the basis for the mandatory CE marking. The Declaration of Performance is a document that must be available to all manufacturers\/distributors.<\/p>\n<p><!-- \/wp:paragraph --><!-- wp:paragraph --><a href=\"https:\/\/www.boverket.se\/\">National Board of Housing, Building and Urban Development<\/a>\u00a0is the regulatory authority for manufactured cables and is therefore responsible for checking and testing that the products available on the market comply with the law. The Swedish National Board of Housing, Building and Planning is also responsible for which fire classification applies to which type of installation. The requirements vary depending on where the cables are installed and the amount of cable installed in the same space. A market inspection was carried out for cables in 2019-2020.<\/p>\n<p><!-- \/wp:paragraph --><!-- wp:paragraph -->If you suspect that a product does not comply with the regulations, you can report this to the Swedish National Board of Housing, Building and Planning, see links below.<\/p>\n\n            \n        <\/div>\n    <\/div>\n<\/section>\n\n\n<div style=\"height:50px\" aria-hidden=\"true\" class=\"wp-block-spacer\"><\/div>\n\n\n<section  class=\"tebab-block-split_screen alignfull image_alignment-left\">\n    <div class=\"contained\">\n        <div class=\"tebab-block-split_screen__image-wrapper\">\n            <img loading=\"lazy\" decoding=\"async\" width=\"1857\" height=\"1080\" src=\"https:\/\/selcable.se\/wp-content\/uploads\/2025\/08\/AdobeStock_483995406-1857x1080.jpeg\" class=\"attachment-landscape size-landscape\" alt=\"\" srcset=\"https:\/\/selcable.se\/wp-content\/uploads\/2025\/08\/AdobeStock_483995406-1857x1080.jpeg 1857w, https:\/\/selcable.se\/wp-content\/uploads\/2025\/08\/AdobeStock_483995406-300x174.jpeg 300w, https:\/\/selcable.se\/wp-content\/uploads\/2025\/08\/AdobeStock_483995406-1024x596.jpeg 1024w, https:\/\/selcable.se\/wp-content\/uploads\/2025\/08\/AdobeStock_483995406-768x447.jpeg 768w, https:\/\/selcable.se\/wp-content\/uploads\/2025\/08\/AdobeStock_483995406-1536x893.jpeg 1536w, https:\/\/selcable.se\/wp-content\/uploads\/2025\/08\/AdobeStock_483995406-2048x1191.jpeg 2048w\" sizes=\"auto, (max-width: 1857px) 100vw, 1857px\" \/>        <\/div>\n\n        <div class=\"tebab-block-split_screen__content-wrapper\">\n            <h2>More information and links<\/h2>\n<ul>\n<li><a href=\"https:\/\/selcable.se\/en\/dokument\/cpr-brandkrav-for-kablar-sparar-liv-och-pengar\/\" target=\"_blank\" rel=\"noopener\">CPR information sheet<\/a><\/li>\n<li><a href=\"https:\/\/selcable.se\/en\/dokument\/cpr-fragor-svar\/\" target=\"_blank\" rel=\"noopener\">Questions and answers<\/a><\/li>\n<li><a href=\"https:\/\/selcable.se\/en\/dokument\/brandprov-protokoll-selc-17039\/\" target=\"_blank\" rel=\"noopener\">Fire test, protocol SELC-17:039<\/a><\/li>\n<li><a href=\"https:\/\/cpr.europacable.eu\/sv\" target=\"_blank\" rel=\"noopener\">CPR information Europacable\/Selcable<\/a><\/li>\n<li><a href=\"https:\/\/cpr.europacable.eu\/sv\/inside-cpr\/compliance-check-cpr-cable-label-and-dop?cpr=register\" target=\"_blank\" rel=\"noopener\">CPR documentation requirements<\/a><\/li>\n<li><a href=\"https:\/\/www.boverket.se\/sv\/PBL-kunskapsbanken\/regler-om-byggande\/byggprodukter\/marknadskontroll\/gor-en-anmalan\/\" target=\"_blank\" rel=\"noopener\">Boverket (2022). Report a product to Boverket&#039;s market control.<\/a><\/li>\n<li><a href=\"https:\/\/www.boverket.se\/sv\/PBL-kunskapsbanken\/regler-om-byggande\/byggprodukter\/marknadskontroll\/avslutad-marknadskontroll\/kablar---2019-2020\/\" target=\"_blank\" rel=\"noopener\">Swedish National Board of Housing, Building and Planning (2022). Market control of cables 2019-2020.<\/a><\/li>\n<li><a href=\"https:\/\/www.boverket.se\/sv\/PBL-kunskapsbanken\/regler-om-byggande\/byggprodukter\/marknadskontroll\/\" target=\"_blank\" rel=\"noopener\">Swedish National Board of Housing, Building and Planning (2018). Market control of construction products.<\/a><\/li>\n<\/ul>\n\n            \n        <\/div>\n    <\/div>\n<\/section>\n\n\n<div style=\"height:50px\" aria-hidden=\"true\" class=\"wp-block-spacer\"><\/div>\n\n\n\n<p><\/p>","protected":false},"excerpt":{"rendered":"","protected":false},"author":2,"featured_media":0,"parent":0,"menu_order":0,"comment_status":"closed","ping_status":"closed","template":"","meta":{"footnotes":""},"class_list":["post-323","page","type-page","status-publish","hentry"],"acf":[],"_links":{"self":[{"href":"https:\/\/selcable.se\/en\/wp-json\/wp\/v2\/pages\/323","targetHints":{"allow":["GET"]}}],"collection":[{"href":"https:\/\/selcable.se\/en\/wp-json\/wp\/v2\/pages"}],"about":[{"href":"https:\/\/selcable.se\/en\/wp-json\/wp\/v2\/types\/page"}],"author":[{"embeddable":true,"href":"https:\/\/selcable.se\/en\/wp-json\/wp\/v2\/users\/2"}],"replies":[{"embeddable":true,"href":"https:\/\/selcable.se\/en\/wp-json\/wp\/v2\/comments?post=323"}],"version-history":[{"count":12,"href":"https:\/\/selcable.se\/en\/wp-json\/wp\/v2\/pages\/323\/revisions"}],"predecessor-version":[{"id":1560,"href":"https:\/\/selcable.se\/en\/wp-json\/wp\/v2\/pages\/323\/revisions\/1560"}],"wp:attachment":[{"href":"https:\/\/selcable.se\/en\/wp-json\/wp\/v2\/media?parent=323"}],"curies":[{"name":"wp","href":"https:\/\/api.w.org\/{rel}","templated":true}]}}