{"id":924,"date":"2025-08-27T08:57:32","date_gmt":"2025-08-27T08:57:32","guid":{"rendered":"https:\/\/selcable.se\/?page_id=924"},"modified":"2025-09-08T10:10:52","modified_gmt":"2025-09-08T10:10:52","slug":"rekommendationer-leveransbestammelser","status":"publish","type":"page","link":"https:\/\/selcable.se\/en\/rekommendationer-leveransbestammelser\/","title":{"rendered":"Recommendations &amp; delivery terms"},"content":{"rendered":"<section  class=\"tebab-block-hero alignfull\" style=\"--heading-color: #007b9e;\">\n\n    <img loading=\"lazy\" decoding=\"async\" width=\"1685\" height=\"1080\" src=\"https:\/\/selcable.se\/wp-content\/uploads\/2025\/08\/AdobeStock_161168962-1685x1080.jpeg\" class=\"attachment-landscape size-landscape\" alt=\"H\u00e4nder som h\u00e5ller i en l\u00e4splatta och pekar p\u00e5 ordet legislation\" srcset=\"https:\/\/selcable.se\/wp-content\/uploads\/2025\/08\/AdobeStock_161168962-1685x1080.jpeg 1685w, https:\/\/selcable.se\/wp-content\/uploads\/2025\/08\/AdobeStock_161168962-300x192.jpeg 300w, https:\/\/selcable.se\/wp-content\/uploads\/2025\/08\/AdobeStock_161168962-1024x656.jpeg 1024w, https:\/\/selcable.se\/wp-content\/uploads\/2025\/08\/AdobeStock_161168962-768x492.jpeg 768w, https:\/\/selcable.se\/wp-content\/uploads\/2025\/08\/AdobeStock_161168962-1536x984.jpeg 1536w, https:\/\/selcable.se\/wp-content\/uploads\/2025\/08\/AdobeStock_161168962-2048x1313.jpeg 2048w\" sizes=\"auto, (max-width: 1685px) 100vw, 1685px\" \/>\n    <div class=\"contained\">\n                <h1 class=\"tebab-block-hero__heading\">\n            Recommendations &amp; delivery terms        <\/h1>\n\n            <\/div>\n<\/section>\n\n\n<div style=\"height:50px\" aria-hidden=\"true\" class=\"wp-block-spacer\"><\/div>\n\n\n<section  class=\"tebab-block-split_screen alignfull image_alignment-left\">\n    <div class=\"contained\">\n        <div class=\"tebab-block-split_screen__image-wrapper\">\n            <img loading=\"lazy\" decoding=\"async\" width=\"931\" height=\"516\" src=\"https:\/\/selcable.se\/wp-content\/uploads\/2025\/08\/Fotolia_56118797_S.jpg\" class=\"attachment-landscape size-landscape\" alt=\"\" srcset=\"https:\/\/selcable.se\/wp-content\/uploads\/2025\/08\/Fotolia_56118797_S.jpg 931w, https:\/\/selcable.se\/wp-content\/uploads\/2025\/08\/Fotolia_56118797_S-300x166.jpg 300w, https:\/\/selcable.se\/wp-content\/uploads\/2025\/08\/Fotolia_56118797_S-768x426.jpg 768w\" sizes=\"auto, (max-width: 931px) 100vw, 931px\" \/>        <\/div>\n\n        <div class=\"tebab-block-split_screen__content-wrapper\">\n            <h2>Recommendations<\/h2>\n<header class=\"article-header\">\n<h3 class=\"page-title\">Sheath testing of cable (1-36 kV) with plastic sheath after installation<\/h3>\n<\/header>\n<section class=\"entry-content cf\">Checking that a cable has not been damaged during installation should be done using a sheath test, which is also recommended in Swedish and international standards. This is the best way to ensure that a cable has not been damaged during installation work. If the sheath is undamaged, the insulation is almost always intact.\u00a0<a href=\"https:\/\/selcable.se\/en\/dokument\/rekommendationer-for-mantelprovning-av-kabel-1-36-kvmed-plastmantel-efter-forlaggning\/\" target=\"_blank\" rel=\"noopener\">Read more here SELC-11:005.<\/a><\/section>\n<section><\/section>\n<h3>Using direct current (DC) on standard cable<\/h3>\n<section>Direct current (DC) voltage is now used in more contexts than before. The information in the linked document specifies the maximum DC voltage levels that can be used on a cable with a stated alternating current (AC) voltage rating.\u00a0<a href=\"https:\/\/selcable.se\/en\/dokument\/anvandning-av-likspanning-pa-standardkablar\/\" target=\"_blank\" rel=\"noopener\">Read more here SELC-23:030<\/a>.<\/section>\n<section>\n<header class=\"article-header\">\n<h3 class=\"page-title\">Eliminate problems with installation cables for lighting fixtures<\/h3>\n<p class=\"page-title\">Recently, several cases have been reported where installation cables in lighting fixtures have been damaged by heat in combination with UV radiation. The lighting industry, together with Selcable, the Swedish trade association for cable manufacturers, has analyzed the issue and compiled background information. At the same time, a general recommendation has been agreed upon to eliminate the problem.\u00a0<a href=\"https:\/\/selcable.se\/en\/dokument\/rekommendation-for-eliminering-av-problem-med-installationskablar-for-belysningsarmaturer\/\" target=\"_blank\" rel=\"noopener noreferrer\">Read more here SELC-12:022<\/a>.<\/p>\n<\/header>\n<\/section>\n<header class=\"article-header\"><\/header>\n\n            \n        <\/div>\n    <\/div>\n<\/section>\n\n\n<div style=\"height:25px\" aria-hidden=\"true\" class=\"wp-block-spacer\"><\/div>\n\n\n<section  class=\"tebab-block-split_screen alignfull image_alignment-right\">\n    <div class=\"contained\">\n        <div class=\"tebab-block-split_screen__image-wrapper\">\n            <img loading=\"lazy\" decoding=\"async\" width=\"1620\" height=\"1080\" src=\"https:\/\/selcable.se\/wp-content\/uploads\/2025\/09\/pexels-davidmcelwee-12189678-1620x1080.jpg\" class=\"attachment-landscape size-landscape\" alt=\"\" srcset=\"https:\/\/selcable.se\/wp-content\/uploads\/2025\/09\/pexels-davidmcelwee-12189678-1620x1080.jpg 1620w, https:\/\/selcable.se\/wp-content\/uploads\/2025\/09\/pexels-davidmcelwee-12189678-300x200.jpg 300w, https:\/\/selcable.se\/wp-content\/uploads\/2025\/09\/pexels-davidmcelwee-12189678-1024x683.jpg 1024w, https:\/\/selcable.se\/wp-content\/uploads\/2025\/09\/pexels-davidmcelwee-12189678-768x512.jpg 768w, https:\/\/selcable.se\/wp-content\/uploads\/2025\/09\/pexels-davidmcelwee-12189678-1536x1024.jpg 1536w, https:\/\/selcable.se\/wp-content\/uploads\/2025\/09\/pexels-davidmcelwee-12189678-2048x1365.jpg 2048w\" sizes=\"auto, (max-width: 1620px) 100vw, 1620px\" \/>        <\/div>\n\n        <div class=\"tebab-block-split_screen__content-wrapper\">\n            <h2>Delivery terms<\/h2>\n<p>General delivery conditions for cable and wire\u00a0<a href=\"https:\/\/selcable.se\/en\/dokument\/allmanna-leveransbestammelser-for-kabel-och-ledning-kl-20\/\" target=\"_blank\" rel=\"noopener noreferrer\">8 PM<\/a>\u00a0and\u00a0<a href=\"https:\/\/selcable.se\/en\/dokument\/general-conditions-of-supply-of-cables-and-lines-kl-20-english-version\/\" target=\"_blank\" rel=\"noopener noreferrer\">KL 20 E (English version)<\/a>, to be valid from 2020-01-01. This addendum contains additions to and amendments to the terms and conditions in the General Delivery Terms and Conditions\u00a0<a href=\"https:\/\/selcable.se\/en\/dokument\/allmanna-bestammelser-nl-17\/\">NL 17<\/a>\u00a0and is intended for cable and wire.<\/p>\n<p>&nbsp;<\/p>\n\n            \n        <\/div>\n    <\/div>\n<\/section>\n\n\n<div style=\"height:25px\" aria-hidden=\"true\" class=\"wp-block-spacer\"><\/div>\n\n\n<section  class=\"tebab-block-split_screen alignfull image_alignment-left\">\n    <div class=\"contained\">\n        <div class=\"tebab-block-split_screen__image-wrapper\">\n            <img loading=\"lazy\" decoding=\"async\" width=\"1857\" height=\"1080\" src=\"https:\/\/selcable.se\/wp-content\/uploads\/2025\/08\/AdobeStock_483995406-1857x1080.jpeg\" class=\"attachment-landscape size-landscape\" alt=\"\" srcset=\"https:\/\/selcable.se\/wp-content\/uploads\/2025\/08\/AdobeStock_483995406-1857x1080.jpeg 1857w, https:\/\/selcable.se\/wp-content\/uploads\/2025\/08\/AdobeStock_483995406-300x174.jpeg 300w, https:\/\/selcable.se\/wp-content\/uploads\/2025\/08\/AdobeStock_483995406-1024x596.jpeg 1024w, https:\/\/selcable.se\/wp-content\/uploads\/2025\/08\/AdobeStock_483995406-768x447.jpeg 768w, https:\/\/selcable.se\/wp-content\/uploads\/2025\/08\/AdobeStock_483995406-1536x893.jpeg 1536w, https:\/\/selcable.se\/wp-content\/uploads\/2025\/08\/AdobeStock_483995406-2048x1191.jpeg 2048w\" sizes=\"auto, (max-width: 1857px) 100vw, 1857px\" \/>        <\/div>\n\n        <div class=\"tebab-block-split_screen__content-wrapper\">\n            <h2>Link collection<\/h2>\n<div class=\"wpb_column vc_column_container vc_col-sm-4\">\n<div class=\"vc_column-inner\">\n<div class=\"wpb_wrapper\">\n<div class=\"wpb_text_column wpb_content_element\">\n<div class=\"wpb_wrapper\">\n<p><u><a href=\"http:\/\/belysningsbranschen.se\/\">Lighting industry<\/a><br \/>\n<\/u><u><a href=\"http:\/\/www.boverket.se\/\">National Board of Housing, Building and Urban Development<\/a><br \/>\n<\/u><u><a href=\"http:\/\/www.eio.se\/\">EIO (Electrical Installers&#039; Organization)<\/a><br \/>\n<\/u><u><a href=\"http:\/\/www.el-kretsen.se\/\">The electrical circuit<\/a><br \/>\n<\/u><u><a href=\"http:\/\/elratt.se\/Sidor\/default.aspx\">Electric dish<\/a><\/u><\/p>\n<\/div>\n<\/div>\n<\/div>\n<\/div>\n<\/div>\n<div class=\"wpb_column vc_column_container vc_col-sm-4\">\n<div class=\"vc_column-inner\">\n<div class=\"wpb_wrapper\">\n<div class=\"wpb_text_column wpb_content_element\">\n<div class=\"wpb_wrapper\">\n<p><u><a href=\"http:\/\/www.elsakerhetsverket.se\/\">Electrical Safety Authority<\/a><br \/>\n<\/u><u><a href=\"http:\/\/www.energimyndigheten.se\/\">The Energy Agency<\/a><br \/>\n<\/u><a href=\"https:\/\/www.icf.at\/\">International Cable makers Federation<\/a><br \/>\n<u><a href=\"http:\/\/www.kemi.se\/\">Chemicals Inspectorate<\/a><br \/>\n<\/u><u><a href=\"http:\/\/www.naturvardsverket.se\/\">Swedish Environmental Protection Agency<\/a><\/u><\/p>\n<\/div>\n<\/div>\n<\/div>\n<\/div>\n<\/div>\n<div class=\"wpb_column vc_column_container vc_col-sm-4\">\n<div class=\"vc_column-inner\">\n<div class=\"wpb_wrapper\">\n<div class=\"wpb_text_column wpb_content_element\">\n<div class=\"wpb_wrapper\">\n<p><u><a href=\"http:\/\/www.seg.se\/sv\/\">SEG (Swedish Electricity Wholesalers)<\/a><br \/>\n<\/u><u><a href=\"http:\/\/byggtjanst.se\/\">Swedish construction service<\/a><br \/>\n<\/u><u><a href=\"http:\/\/www.svenskenergi.se\/\">Swedish energy<\/a><br \/>\n<\/u><u><a href=\"http:\/\/www.svk.se\/\">Swedish power grid<\/a><br \/>\n<\/u><u><a href=\"http:\/\/www.teknikforetagen.se\/\">Technology companies<\/a><\/u><\/p>\n<\/div>\n<\/div>\n<\/div>\n<\/div>\n<\/div>\n\n            \n        <\/div>\n    <\/div>\n<\/section>\n\n\n<div style=\"height:50px\" aria-hidden=\"true\" class=\"wp-block-spacer\"><\/div>","protected":false},"excerpt":{"rendered":"","protected":false},"author":2,"featured_media":0,"parent":0,"menu_order":0,"comment_status":"closed","ping_status":"closed","template":"","meta":{"footnotes":""},"class_list":["post-924","page","type-page","status-publish","hentry"],"acf":[],"_links":{"self":[{"href":"https:\/\/selcable.se\/en\/wp-json\/wp\/v2\/pages\/924","targetHints":{"allow":["GET"]}}],"collection":[{"href":"https:\/\/selcable.se\/en\/wp-json\/wp\/v2\/pages"}],"about":[{"href":"https:\/\/selcable.se\/en\/wp-json\/wp\/v2\/types\/page"}],"author":[{"embeddable":true,"href":"https:\/\/selcable.se\/en\/wp-json\/wp\/v2\/users\/2"}],"replies":[{"embeddable":true,"href":"https:\/\/selcable.se\/en\/wp-json\/wp\/v2\/comments?post=924"}],"version-history":[{"count":14,"href":"https:\/\/selcable.se\/en\/wp-json\/wp\/v2\/pages\/924\/revisions"}],"predecessor-version":[{"id":1184,"href":"https:\/\/selcable.se\/en\/wp-json\/wp\/v2\/pages\/924\/revisions\/1184"}],"wp:attachment":[{"href":"https:\/\/selcable.se\/en\/wp-json\/wp\/v2\/media?parent=924"}],"curies":[{"name":"wp","href":"https:\/\/api.w.org\/{rel}","templated":true}]}}